{"id":3935,"date":"2022-01-03T02:05:08","date_gmt":"2022-01-03T02:05:08","guid":{"rendered":"https:\/\/laboratorioamare.com\/en\/?page_id=3935"},"modified":"2023-07-24T19:23:54","modified_gmt":"2023-07-24T19:23:54","slug":"perfil-tiroideo","status":"publish","type":"page","link":"https:\/\/laboratorioamare.com\/en\/estudios\/perfil-tiroideo\/","title":{"rendered":"Perfil Tiroideo"},"content":{"rendered":"<p><section id=\"bt_bb_section69f51c366a7cf\" class=\"bt_bb_section bt_bb_layout_wide bt_bb_vertical_align_top\"  data-bt-override-class=\"null\"><div class=\"bt_bb_port\"><div class=\"bt_bb_cell\"><div class=\"bt_bb_cell_inner\"><div class=\"bt_bb_row \"  data-bt-override-class=\"{}\"><div class=\"bt_bb_row_holder\" ><div  class=\"bt_bb_column col-xxl-12 col-xl-12 col-xs-12 col-sm-12 col-md-12 col-lg-12 bt_bb_vertical_align_top bt_bb_align_left bt_bb_padding_normal\" style=\"; --column-width:12;\" data-width=\"12\" data-bt-override-class=\"{}\"><div class=\"bt_bb_column_content\"><div class=\"bt_bb_column_content_inner\"><div class=\"bt_bb_slider bt_bb_height_keep-height bt_bb_animation_fade animate\"><div class=\"slick-slider fade\"  data-slick='{ \"lazyLoad\": \"progressive\", \"cssEase\": \"ease-out\", \"speed\": \"300\", \"fade\": true, \"prevArrow\": \"&lt;button type=\\\"button\\\" class=\\\"slick-prev\\\" aria-label=\\\"Previous\\\" tabindex=\\\"0\\\" role=\\\"button\\\"&gt;&lt;\/button&gt;\", \"nextArrow\": \"&lt;button type=\\\"button\\\" class=\\\"slick-next\\\" aria-label=\\\"Next\\\" tabindex=\\\"0\\\" role=\\\"button\\\"&gt;&lt;\/button&gt;\", \"autoplay\": true, \"autoplaySpeed\": 5000}' ><div class=\"bt_bb_slider_item\" data-src-full=\"https:\/\/laboratorioamare.com\/en\/wp-content\/uploads\/2023\/07\/15.png\"><img decoding=\"async\" src=\"https:\/\/laboratorioamare.com\/en\/wp-content\/uploads\/2023\/07\/15.png\" alt=\"15\"  title=\"15\"><\/div><\/div><\/div><\/div><\/div><\/div><\/div><\/div><\/div><!-- cell_inner --><\/div><!-- cell --><\/div><!-- port --><\/section><section id=\"bt_bb_section69f51c366b965\" class=\"bt_bb_section bt_bb_layout_boxed_1100 bt_bb_vertical_align_top\"  data-bt-override-class=\"null\"><div class=\"bt_bb_port\"><div class=\"bt_bb_cell\"><div class=\"bt_bb_cell_inner\"><div class=\"bt_bb_row \"  data-bt-override-class=\"{}\"><div class=\"bt_bb_row_holder\" ><div  class=\"bt_bb_column col-xxl-12 col-xl-12 col-xs-12 col-sm-12 col-md-12 col-lg-12 bt_bb_vertical_align_top bt_bb_align_left bt_bb_padding_normal\" style=\"; --column-width:12;\" data-width=\"12\" data-bt-override-class=\"{}\"><div class=\"bt_bb_column_content\"><div class=\"bt_bb_column_content_inner\"><div class=\"bt_bb_separator bt_bb_border_style_none bt_bb_bottom_spacing_medium\" data-bt-override-class=\"null\"><\/div><\/div><\/div><\/div><\/div><\/div><div class=\"bt_bb_row \"  data-bt-override-class=\"{}\"><div class=\"bt_bb_row_holder\" ><div  class=\"bt_bb_column col-xxl-12 col-xl-12 col-xs-12 col-sm-12 col-md-12 col-lg-12 bt_bb_vertical_align_top bt_bb_align_left bt_bb_padding_normal\" style=\"; --column-width:12;\" data-width=\"12\" data-bt-override-class=\"{}\"><div class=\"bt_bb_column_content\"><div class=\"bt_bb_column_content_inner\"><header class=\"bt_bb_headline bt_bb_font_weight_bold bt_bb_superheadline_font_weight_700 bt_bb_dash_none bt_bb_size_inherit bt_bb_align_center\" style=\";font-family:&#039;Barlow&#039;\" data-bt-override-class=\"{&quot;bt_bb_align_&quot;:{&quot;current_class&quot;:&quot;bt_bb_align_center&quot;,&quot;def&quot;:&quot;center&quot;,&quot;xl&quot;:&quot;center&quot;}}\"><h1 style=\"font-family:'Barlow'; font-size:35px\" class=\"bt_bb_headline_tag\"><span class=\"bt_bb_headline_content\"><span>Perfil Tiroideo<br \/><br \/>\n<\/span><\/span><\/h1><\/header><\/div><\/div><\/div><\/div><\/div><div class=\"bt_bb_row \"  data-bt-override-class=\"{}\"><div class=\"bt_bb_row_holder\" ><div  class=\"bt_bb_column col-xxl-12 col-xl-12 col-xs-12 col-sm-12 col-md-12 col-lg-12 bt_bb_vertical_align_top bt_bb_align_center bt_bb_padding_normal bt_bb_animation_fade_in animate bt_bb_details-color_white\" style=\"; --column-width:12;\" data-width=\"12\" data-bt-override-class=\"{&quot;bt_bb_align_&quot;:{&quot;current_class&quot;:&quot;bt_bb_align_center&quot;,&quot;def&quot;:&quot;center&quot;,&quot;xl&quot;:&quot;center&quot;}}\"><div class=\"bt_bb_column_content\"><div class=\"bt_bb_column_content_inner\"><div class=\"bt_bb_tabs bt_bb_color_scheme_3 bt_bb_style_simple bt_bb_shape_square\" style=\"; --tabs-primary-color:#33d1cb; --tabs-secondary-color:#191919;\" data-bt-override-class=\"{}\"><ul class=\"bt_bb_tabs_header\"><li><span>Descripci\u00f3n e indicaciones<\/span><\/li><li><span>Precio<\/span><\/li><\/ul><div class=\"bt_bb_tabs_tabs\"><div class=\"bt_bb_tab_item\">\r\n\t\t\t<div class=\"bt_bb_tab_content\"><div  class=\"bt_bb_text\" ><\/p>\n<p><span style=\"font-weight: 400\">T4 libre<br \/>\n<\/span><span style=\"font-weight: 400\">T3 total<br \/>\n<\/span><span style=\"font-weight: 400\">T4 (tiroxina)<br \/>\n<\/span><span style=\"font-weight: 400\">Hormona estimulante de la tiroides<\/span><\/p>\n<p><b>Indicaciones:<\/b><span style=\"font-weight: 400\"> Se requiere un ayuno m\u00ednimo de 8 horas, no m\u00e1ximo de 12 horas, evitar realizar ejercicio f\u00edsico, evitar ingerir alcohol o tabaco 24 horas previas a la extracci\u00f3n de muestra. Si se encuentra bajo tratamiento tiroideo, se recomienda administrar el medicamento despu\u00e9s de realizar la extracci\u00f3n de sangre. Los resultados se entregan en 24 horas.<\/span><\/p>\n<p>\n<\/div><\/div>\r\n\t\t<\/div><div class=\"bt_bb_tab_item\">\r\n\t\t\t<div class=\"bt_bb_tab_content\"><div  class=\"bt_bb_text\" ><\/p>\n<h3><strong>$750.00 MXN<\/strong><\/h3>\n<p>\n<\/div><\/div>\r\n\t\t<\/div><\/div><\/div><div class=\"bt_bb_separator bt_bb_border_style_none bt_bb_bottom_spacing_medium\" data-bt-override-class=\"null\"><\/div><\/div><\/div><\/div><\/div><\/div><\/div><!-- cell_inner --><\/div><!-- cell --><\/div><!-- port --><\/section><\/p>\n","protected":false},"excerpt":{"rendered":"","protected":false},"author":1,"featured_media":0,"parent":3516,"menu_order":0,"comment_status":"closed","ping_status":"closed","template":"","meta":{"om_disable_all_campaigns":false,"_monsterinsights_skip_tracking":false,"_monsterinsights_sitenote_active":false,"_monsterinsights_sitenote_note":"","_monsterinsights_sitenote_category":0,"footnotes":""},"class_list":["post-3935","page","type-page","status-publish","hentry"],"aioseo_notices":[],"_links":{"self":[{"href":"https:\/\/laboratorioamare.com\/en\/wp-json\/wp\/v2\/pages\/3935","targetHints":{"allow":["GET"]}}],"collection":[{"href":"https:\/\/laboratorioamare.com\/en\/wp-json\/wp\/v2\/pages"}],"about":[{"href":"https:\/\/laboratorioamare.com\/en\/wp-json\/wp\/v2\/types\/page"}],"author":[{"embeddable":true,"href":"https:\/\/laboratorioamare.com\/en\/wp-json\/wp\/v2\/users\/1"}],"replies":[{"embeddable":true,"href":"https:\/\/laboratorioamare.com\/en\/wp-json\/wp\/v2\/comments?post=3935"}],"version-history":[{"count":8,"href":"https:\/\/laboratorioamare.com\/en\/wp-json\/wp\/v2\/pages\/3935\/revisions"}],"predecessor-version":[{"id":5660,"href":"https:\/\/laboratorioamare.com\/en\/wp-json\/wp\/v2\/pages\/3935\/revisions\/5660"}],"up":[{"embeddable":true,"href":"https:\/\/laboratorioamare.com\/en\/wp-json\/wp\/v2\/pages\/3516"}],"wp:attachment":[{"href":"https:\/\/laboratorioamare.com\/en\/wp-json\/wp\/v2\/media?parent=3935"}],"curies":[{"name":"wp","href":"https:\/\/api.w.org\/{rel}","templated":true}]}}